{"id":348,"date":"2022-11-26T17:36:11","date_gmt":"2022-11-26T14:36:11","guid":{"rendered":"https:\/\/spalatoriimehedinti.ro\/?page_id=348"},"modified":"2022-11-26T17:36:14","modified_gmt":"2022-11-26T14:36:14","slug":"pachete-test","status":"publish","type":"page","link":"https:\/\/spalatoriimehedinti.ro\/index.php\/pachete-test\/","title":{"rendered":"Pachete-test"},"content":{"rendered":"\n<h5 class=\"has-text-align-center wp-block-heading\">Serviciul de <em>igienizare<\/em> se realizeaz\u0103 exclusiv prin PROGRAMARE<\/h5>\n\n\n\n<h4 class=\"has-text-align-center wp-block-heading\">Str. P\u0103cii nr 1 BIS,<br>Drobeta Turnu Severin, Mehedin\u021bi<\/h4>\n\n\n\n<p class=\"has-small-font-size\"><mark style=\"background-color:rgba(0, 0, 0, 0);color:#e00600\" class=\"has-inline-color\">NOU!!!<\/mark> Apas\u0103 butonul &#8222;<a href=\"https:\/\/spalatoriimehedinti.ro\/index.php\/disponibilitate\/\" data-type=\"page\" data-id=\"232\"><strong><mark style=\"background-color:rgba(0, 0, 0, 0);color:#fff307\" class=\"has-inline-color\">DISPONIBILITATE<\/mark><\/strong><\/a>&#8221; s\u0103 descoperi dac\u0103 suntem liberi pentru tine!<\/p>\n\n\n\n<p>Astfel, vei \u0219ti \u00een timp real c\u00e2nd e momentul potrivit!<\/p>\n\n\n\n<p><\/p>\n\n\n\n<!--noptimize-->\n        <script type=\"text\/javascript\">\n         var cp_hourbk_cancel_label = 'Cancel';\n         var cp_hourbk_quantity_label = 'Quantity';\n         var message_ffile_accept = 'Please upload a valid file type';         \n         var cp_hourbk_message_ffile_size = 'File size exceeds limit';\n         var cp_hourbk_cost_label = 'Cost';\n         var cp_hourbk_overlapping_label = 'Selected time is no longer available. Please select a different time.';\n         var cp_hourbk_nomore_label = 'No more slots available.';\n         var cp_hourbk_preselect = cp_hourbk_preselect || [];\n         cp_hourbk_preselect[\"_1\"] = '';\n         var cp_hourbk_cmpublic = true;\n         var cp_hourbk_avoid_overlapping = 0;         var apphboverbooking_handler0 = false;\n         function cp_appbooking_pform_doValidate_1(form)\n         { \n            $dexQuery = jQuery.noConflict();\n            try { document.cp_appbooking_pform_1.cp_ref_page.value = document.location; } catch (e) {}\n            $dexQuery = jQuery.noConflict();            var result = '';\n            try {\n            if (!apphboverbooking_handler0) {\n            if (document.cp_appbooking_pform_1.hdcaptcha_cp_appbooking_post.value == '') { setTimeout( \"cp_appbooking_cerror_1()\", 100); return false; }\n            result = $dexQuery.ajax({ type: \"GET\", url: \"https:\/\/spalatoriimehedinti.ro\/?ps=_1&cp_appbooking_pform_process=2&cp_appbooking_id=4&inAdmin=1&ps=_1&hdcaptcha_cp_appbooking_post=\"+document.cp_appbooking_pform_1.hdcaptcha_cp_appbooking_post.value, async: false }).responseText;\n            } \n            } catch (e) {result='';console.log('AHB: Captcha not detected.');}\n            if (!apphboverbooking_handler0 && result.indexOf(\"captchafailed\") != -1) {\n                $dexQuery(\"#captchaimg_1\").attr('src', $dexQuery(\"#captchaimg_1\").attr('src')+'&'+Math.floor((Math.random() * 99999) + 1));\n                setTimeout( \"cp_appbooking_cerror_1()\", 100);\n                return false;\n            } else             {\n                var cpefb_error = 0;\n                $dexQuery(\"#cp_appbooking_pform_1\").find(\".cpefb_error\").each(function(index){\n                    if ($dexQuery(this).css(\"display\")!=\"none\")\n                        if ($dexQuery(this).html() != cp_hourbk_overlapping_label) cpefb_error++;  \n                    });                     \n                if (cpefb_error==0)\n                {if (!apphboverbooking_handler0)\n                    {\n                        apphbblink_1(\".pbSubmit:visible\");\n                        $dexQuery(\"#cp_appbooking_pform_1\").find(\".avoid_overlapping_before\").not(\".ignore,.ignorepb\").each(function(){\n                            if ($dexQuery(this).parent().is(\":visible\")) $dexQuery(this).removeClass(\"avoid_overlapping_before\").removeClass(\"valid\").addClass(\"avoid_overlapping\");\n                        })\n                        cp_hourbk_avoid_overlapping = 1;\n                        try {\n                            $dexQuery(\"#cp_appbooking_pform_1\").find(\".avoid_overlapping\").valid();\n                        } catch (e) { cp_hourbk_avoid_overlapping = 0; }\n                        function check_cp_hourbk_avoid_overlapping(){\n\t\t                    if (cp_hourbk_avoid_overlapping>0)\n\t\t                        setTimeout(check_cp_hourbk_avoid_overlapping,100);\n\t\t                    else\n\t\t                    {\n                                var cpefb_error = 0;\n                                $dexQuery(\"#cp_appbooking_pform_1\").find(\".cpefb_error\").each(function(index){\n                                    if ($dexQuery(this).css(\"display\")!=\"none\")\n                                        cpefb_error++;    \n                                    });\n                                if (cpefb_error==0) if(!apphboverbooking_handler0)    \n                                {\n                                    apphboverbooking_handler0 = true;\n                                    if (cp_appbooking_pform_doValidate_1(form))\n                                        var $myPluginForm = $dexQuery(\"#cp_appbooking_pform_1\");\n                                        var $wooParent = $myPluginForm.closest('form.cart');\n                                        if ($wooParent.length > 0) {\n                                            $wooParent.find('.single_add_to_cart_button').click();\n                                            return true;\n                                        } else {\n                                            $myPluginForm[0].submit();\n                                        }  \n                                }\n\t\t                    }  \n\t\t                }\n\t\t                check_cp_hourbk_avoid_overlapping();\n                        return false;\n                    }                    \n\t        \t\t$dexQuery(\"#cp_appbooking_pform_1\").find( '.ignore' ).closest( '.fields' ).remove();\n\t        \t}\n                if (cpefb_error) return false;\n\t        \tdocument.getElementById(\"form_structure_1\").value = '';    \n\t        \tdocument.getElementById(\"refpage_1\").value = document.location;    \n                try { if (document.cp_appbooking_pform_1.cp_appbooking_pform_status.value != '0')\n                return false; } catch (e) {}\n                apphbblink_1(\".pbSubmit:visible\");\n                try { document.cp_appbooking_pform_1.cp_appbooking_pform_status.value = '1';\t } catch (e) {}\n                $dexQuery(document).trigger(\"beforeOnSubmitAhb\",{id:\"cp_appbooking_pform_1\"});\n                return true;\n            }  \n         }\n         function apphbblink_1(selector){\n             try {   \n                 $dexQuery = jQuery.noConflict();\n                 $dexQuery(selector).fadeOut(1000, function(){\n                     $dexQuery(this).fadeIn(1000, function(){\n                             try {                     \n                                 if (document.cp_appbooking_pform_1.cp_appbooking_pform_status.value != '0')\n                                     apphbblink_1(this);                                  \n                             } catch (e) {}  \n                     });\n                 });             \n             } catch (e) {}                 \n         }         \n         function cp_appbooking_cerror_1(){$dexQuery = jQuery.noConflict();$dexQuery(\"#hdcaptcha_error_1\").css('top',$dexQuery(\"#hdcaptcha_cp_appbooking_post_1\").outerHeight());$dexQuery(\"#hdcaptcha_error_1\").css(\"display\",\"inline\");}\n        <\/script><!--\/noptimize-->\n        <link  rel='stylesheet' media=\"all\" href=\"https:\/\/spalatoriimehedinti.ro\/wp-content\/plugins\/appointment-hour-booking\/templates\/11\/style.css\" type=\"text\/css\" \/><form autocomplete=\"off\" class=\"cpp_form no-prefetch\" name=\"cp_appbooking_pform_1\" id=\"cp_appbooking_pform_1\" action=\"\/index.php\/pachete-test\/?ahbnocache=279005\" method=\"post\" enctype=\"multipart\/form-data\" onsubmit=\"return cp_appbooking_pform_doValidate_1(this);\"><input type=\"hidden\" name=\"cp_pform_psequence\" value=\"_1\" \/><input type=\"hidden\" name=\"cp_appbooking_pform_process\" value=\"1\" \/><input type=\"hidden\" name=\"cp_appbooking_id\" value=\"4\" \/><input type=\"hidden\" name=\"cp_ref_page\" value=\"\" \/><input type=\"hidden\" name=\"form_structure_1\" id=\"form_structure_1\" size=\"180\" value=\"[[{&quot;form_identifier&quot;:&quot;&quot;,&quot;name&quot;:&quot;fieldname1&quot;,&quot;shortlabel&quot;:&quot;&quot;,&quot;index&quot;:0,&quot;ftype&quot;:&quot;fapp&quot;,&quot;userhelp&quot;:&quot;&quot;,&quot;userhelpTooltip&quot;:false,&quot;csslayout&quot;:&quot;&quot;,&quot;title&quot;:&quot;Appointment&quot;,&quot;services&quot;:[{&quot;name&quot;:&quot;Service 1&quot;,&quot;price&quot;:1,&quot;duration&quot;:60}],&quot;openhours&quot;:[{&quot;name&quot;:&quot;Default&quot;,&quot;openhours&quot;:[{&quot;type&quot;:&quot;all&quot;,&quot;d&quot;:&quot;&quot;,&quot;h1&quot;:8,&quot;m1&quot;:0,&quot;h2&quot;:17,&quot;m2&quot;:0}]}],&quot;allOH&quot;:[{&quot;name&quot;:&quot;Default&quot;,&quot;openhours&quot;:[{&quot;type&quot;:&quot;all&quot;,&quot;d&quot;:&quot;&quot;,&quot;h1&quot;:8,&quot;m1&quot;:0,&quot;h2&quot;:17,&quot;m2&quot;:0}]}],&quot;dateFormat&quot;:&quot;mm\\\/dd\\\/yy&quot;,&quot;showDropdown&quot;:false,&quot;dropdownRange&quot;:&quot;-10:+10&quot;,&quot;working_dates&quot;:[true,true,true,true,true,true,true],&quot;numberOfMonths&quot;:1,&quot;firstDay&quot;:0,&quot;minDate&quot;:&quot;0&quot;,&quot;maxDate&quot;:&quot;&quot;,&quot;defaultDate&quot;:&quot;&quot;,&quot;invalidDates&quot;:&quot;&quot;,&quot;required&quot;:true,&quot;fBuild&quot;:{}},{&quot;form_identifier&quot;:&quot;&quot;,&quot;name&quot;:&quot;email&quot;,&quot;shortlabel&quot;:&quot;&quot;,&quot;index&quot;:1,&quot;ftype&quot;:&quot;femail&quot;,&quot;userhelp&quot;:&quot;&quot;,&quot;userhelpTooltip&quot;:false,&quot;csslayout&quot;:&quot;&quot;,&quot;title&quot;:&quot;Email&quot;,&quot;predefined&quot;:&quot;&quot;,&quot;predefinedClick&quot;:false,&quot;required&quot;:true,&quot;size&quot;:&quot;medium&quot;,&quot;equalTo&quot;:&quot;&quot;,&quot;fBuild&quot;:{}}],[{&quot;title&quot;:&quot;&quot;,&quot;description&quot;:&quot;&quot;,&quot;formlayout&quot;:&quot;top_aligned&quot;,&quot;formtemplate&quot;:&quot;ahb_m5&quot;,&quot;evalequations&quot;:1,&quot;autocomplete&quot;:1}]]\" \/><input type=\"hidden\" name=\"refpage_1\" id=\"refpage_1\" value=\"\"><input type=\"hidden\" name=\"cp_appbooking_pform_status\" value=\"0\" \/><input name=\"anonce\" type=\"hidden\" value=\"c8708caad8\"\/><div id=\"fbuilder\">    \r\n    <div id=\"fbuilder_1\">\r\n        <div id=\"formheader_1\"><\/div>\r\n        <div id=\"fieldlist_1\"><\/div>\r\n    <\/div>\r\n<\/div>    \r\n<div style=\"display:none\">\r\n<div id=\"cpcaptchalayer_1\" class=\"cpcaptchalayer\">\r\n <div class=\"fields\" id=\"field-c0\" style=\"display:none\">\r\n    <label><\/label>\r\n    <div class=\"dfield\"><!--addons-payment-options--><\/div>\r\n    <div class=\"clearer\"><\/div>\r\n <\/div><!--addons-payment-fields-->\r\n  Cod de securitate:<br \/>\r\n  <img decoding=\"async\" src=\"https:\/\/spalatoriimehedinti.ro\/?cp_appbooking_captcha=captcha&ps=_1&inAdmin=1&width=180&height=60&letter_count=5&min_size=25&max_size=35&noise=200&noiselength=4&bcolor=ffffff&border=ffffff&font=font-1.ttf\"  id=\"captchaimg_1\" alt=\"security code\" border=\"0\" class=\"skip-lazy\" \/>\r\n  <br \/>Va rugam sa introduceti codul de securitate:<br \/>\r\n  <div class=\"dfield\"><input type=\"text\" size=\"20\" name=\"hdcaptcha_cp_appbooking_post\" id=\"hdcaptcha_cp_appbooking_post_1\" value=\"\" autocomplete=\"off\" \/>\r\n  <div class=\"cpefb_error message\" id=\"hdcaptcha_error_1\" generated=\"true\" style=\"display:none;position: absolute; left: 0px; top: 25px;\">V\u0103 rug\u0103m s\u0103 introduce\u021bi un cod captcha valid.<\/div>\r\n  <\/div><br \/>\r\n<!-- rcadon -->\r\n<\/div>\r\n<\/div>\r\n<div id=\"cp_subbtn_1\" class=\"cp_subbtn\">Submit<\/div>\r\n<div style=\"clear:both;\"><\/div>\r\n<\/form>\r\n\n\n\n\n<p><\/p>\n\n\n\n<p><\/p>\n","protected":false},"excerpt":{"rendered":"<p>Serviciul de igienizare se realizeaz\u0103 exclusiv prin PROGRAMARE Str. P\u0103cii nr 1 BIS,Drobeta Turnu Severin, Mehedin\u021bi NOU!!! Apas\u0103 butonul &#8222;DISPONIBILITATE&#8221; s\u0103 descoperi dac\u0103 suntem liberi pentru tine! Astfel, vei \u0219ti \u00een timp real c\u00e2nd e momentul potrivit!<\/p>\n","protected":false},"author":1,"featured_media":0,"parent":0,"menu_order":0,"comment_status":"closed","ping_status":"closed","template":"","meta":{"_acf_changed":false,"_themeisle_gutenberg_block_has_review":false,"footnotes":""},"class_list":["post-348","page","type-page","status-publish","hentry"],"acf":[],"_links":{"self":[{"href":"https:\/\/spalatoriimehedinti.ro\/index.php\/wp-json\/wp\/v2\/pages\/348","targetHints":{"allow":["GET"]}}],"collection":[{"href":"https:\/\/spalatoriimehedinti.ro\/index.php\/wp-json\/wp\/v2\/pages"}],"about":[{"href":"https:\/\/spalatoriimehedinti.ro\/index.php\/wp-json\/wp\/v2\/types\/page"}],"author":[{"embeddable":true,"href":"https:\/\/spalatoriimehedinti.ro\/index.php\/wp-json\/wp\/v2\/users\/1"}],"replies":[{"embeddable":true,"href":"https:\/\/spalatoriimehedinti.ro\/index.php\/wp-json\/wp\/v2\/comments?post=348"}],"version-history":[{"count":1,"href":"https:\/\/spalatoriimehedinti.ro\/index.php\/wp-json\/wp\/v2\/pages\/348\/revisions"}],"predecessor-version":[{"id":349,"href":"https:\/\/spalatoriimehedinti.ro\/index.php\/wp-json\/wp\/v2\/pages\/348\/revisions\/349"}],"wp:attachment":[{"href":"https:\/\/spalatoriimehedinti.ro\/index.php\/wp-json\/wp\/v2\/media?parent=348"}],"curies":[{"name":"wp","href":"https:\/\/api.w.org\/{rel}","templated":true}]}}