{"id":364,"date":"2022-11-30T23:05:59","date_gmt":"2022-11-30T20:05:59","guid":{"rendered":"https:\/\/spalatoriimehedinti.ro\/?page_id=364"},"modified":"2023-11-30T18:51:05","modified_gmt":"2023-11-30T15:51:05","slug":"lista-preturi-2023","status":"publish","type":"page","link":"https:\/\/spalatoriimehedinti.ro\/index.php\/lista-preturi-2023\/","title":{"rendered":"List\u0103 pre\u021buri 2023"},"content":{"rendered":"\n<p class=\"has-accent-background-color has-background\">Emulsie hidratant\u0103 plastice (mat\u0103\/semilucioas\u0103\/lucioas\u0103) &#8211; 4 lei<\/p>\n\n\n\n<p class=\"has-accent-background-color has-background\">Cear\u0103 teflonat\u0103 &#8211; 6 lei<\/p>\n\n\n\n<p class=\"has-accent-background-color has-background\">Tratament tapi\u021berie piele (cur\u0103\u021bire \u0219i hidratare):<br>Autoturism 350 lei<br>SUV\/Monovolum 350 lei<\/p>\n\n\n\n<p class=\"has-accent-background-color has-background\">Tratament caroserie Ceramic\u0103 &amp; Graphene:<br>Autoturism 400 lei<br>SUV\/Monovolum 500 lei<\/p>\n\n\n\n<p class=\"has-accent-background-color has-background\">Tratament geamuri (parbriz+lunet\u0103)<br>Autoturism : 100 lei<br>SUV\/Monovolum: 100 lei<\/p>\n\n\n\n<p class=\"has-accent-background-color has-background\">Tratament Soft-Top + Tratament hidrofob: 500 lei<\/p>\n\n\n\n<p class=\"has-accent-background-color has-background\">Protectant plastice cu efect UV 40+ 50 lei<\/p>\n\n\n\n<p class=\"has-accent-background-color has-background\">Cur\u0103\u021bare instala\u021bie aer condi\u021bionat * : 30 lei&nbsp; (30 minute) \/ 60 lei (1 h)<\/p>\n\n\n\n<p class=\"has-accent-background-color has-background\">Igienizare cu biocide (ben\u0103):\u00a0<br>Autotilitar\u0103 mic\u0103: 50 de lei<br>Autoutilitar\u0103 3.5 t: 100 lei<br>Autoutilitar\u0103 12 t: 25o lei<\/p>\n\n\n\n<p class=\"has-accent-background-color has-background\">Cur\u0103\u021bat tapi\u021berie scaune \u0219i banchet\u0103 textil**:<br>Autoturism: 400 lei<br>SUV\/Monovolum: 400 lei<br>Monovolum 7 locuri: 600 lei<br>Microbuz 8+1 : 750 lei<\/p>\n\n\n\n<p class=\"has-accent-background-color has-background\">Cur\u0103\u021bat mochet\u0103:<br>Autoturism: 120 lei<br>Autoturism break: 120 lei<br>SUV\/Monovolum: 120 lei<\/p>\n\n\n\n<p class=\"has-accent-background-color has-background\">Cur\u0103\u021bat plafon:\u00a0<br>Autoturism: 150 lei<br>Autoturism break: 150 lei<br>SUV\/Monovolum: 150 lei<\/p>\n\n\n\n<p class=\"has-accent-background-color has-background\">Crem\u0103 \u00eenfrumuse\u021bare caroserie :<br>Autoturism : 100 lei<br>Autoturism break: 120 lei<br>SUV\/Monovolum: 150 lei<\/p>\n\n\n\n<p class=\"has-accent-background-color has-background\">Recondi\u021bionare elemente cromatice exterior:<br>Autoturism : 60 lei<br>Autoturism break: 60 lei<br>SUV\/Monovolum: 60 lei<\/p>\n\n\n\n<p class=\"has-accent-background-color has-background\">Recondi\u021bionare\u00a0 bandou plastic:<br>Autoturism 100 lei<br>SUV\/Monovolum 100 lei<\/p>\n\n\n\n<p class=\"has-accent-background-color has-background\">Sp\u0103lare motor: 15 lei<\/p>\n\n\n\n<p class=\"has-accent-background-color has-background\">Sp\u0103lare calorifer : 3 lei \/ element<\/p>\n\n\n\n<p class=\"has-accent-background-color has-background\">Covoare : 7 lei mp<\/p>\n\n\n\n<p class=\"has-accent-background-color has-background\">Valetare: 30 lei<\/p>\n\n\n\n<p>Note: * (dezinfectare interior cu ozon)<\/p>\n\n\n\n<p>** (pretul poate varia \u00een func\u021bie de timpul alocat \u0219i de gradul de murd\u0103rie)<\/p>\n\n\n\n<p><\/p>\n\n\n\n<p class=\"has-text-align-center\">[ <a href=\"https:\/\/spalatoriimehedinti.ro\/\" data-type=\"page\" data-id=\"14\"><mark style=\"background-color:rgba(0, 0, 0, 0);color:#fffafa\" class=\"has-inline-color\"><strong>\u00cenapoi<\/strong><\/mark><\/a> ]<\/p>\n","protected":false},"excerpt":{"rendered":"<p>Emulsie hidratant\u0103 plastice (mat\u0103\/semilucioas\u0103\/lucioas\u0103) &#8211; 4 lei Cear\u0103 teflonat\u0103 &#8211; 6 lei Tratament tapi\u021berie piele (cur\u0103\u021bire \u0219i hidratare):Autoturism 350 leiSUV\/Monovolum 350 lei Tratament caroserie Ceramic\u0103 &amp; Graphene:Autoturism 400 leiSUV\/Monovolum 500 lei Tratament geamuri (parbriz+lunet\u0103)Autoturism : 100 leiSUV\/Monovolum: 100 lei Tratament Soft-Top + Tratament hidrofob: 500 lei Protectant plastice cu efect UV 40+ 50 lei Cur\u0103\u021bare [&hellip;]<\/p>\n","protected":false},"author":1,"featured_media":0,"parent":0,"menu_order":0,"comment_status":"closed","ping_status":"closed","template":"","meta":{"_acf_changed":false,"_themeisle_gutenberg_block_has_review":false,"footnotes":""},"class_list":["post-364","page","type-page","status-publish","hentry"],"acf":[],"_links":{"self":[{"href":"https:\/\/spalatoriimehedinti.ro\/index.php\/wp-json\/wp\/v2\/pages\/364","targetHints":{"allow":["GET"]}}],"collection":[{"href":"https:\/\/spalatoriimehedinti.ro\/index.php\/wp-json\/wp\/v2\/pages"}],"about":[{"href":"https:\/\/spalatoriimehedinti.ro\/index.php\/wp-json\/wp\/v2\/types\/page"}],"author":[{"embeddable":true,"href":"https:\/\/spalatoriimehedinti.ro\/index.php\/wp-json\/wp\/v2\/users\/1"}],"replies":[{"embeddable":true,"href":"https:\/\/spalatoriimehedinti.ro\/index.php\/wp-json\/wp\/v2\/comments?post=364"}],"version-history":[{"count":10,"href":"https:\/\/spalatoriimehedinti.ro\/index.php\/wp-json\/wp\/v2\/pages\/364\/revisions"}],"predecessor-version":[{"id":421,"href":"https:\/\/spalatoriimehedinti.ro\/index.php\/wp-json\/wp\/v2\/pages\/364\/revisions\/421"}],"wp:attachment":[{"href":"https:\/\/spalatoriimehedinti.ro\/index.php\/wp-json\/wp\/v2\/media?parent=364"}],"curies":[{"name":"wp","href":"https:\/\/api.w.org\/{rel}","templated":true}]}}