{"id":411,"date":"2023-11-30T14:43:01","date_gmt":"2023-11-30T11:43:01","guid":{"rendered":"https:\/\/spalatoriimehedinti.ro\/?page_id=411"},"modified":"2024-11-28T22:22:57","modified_gmt":"2024-11-28T19:22:57","slug":"lista-preturi","status":"publish","type":"page","link":"https:\/\/spalatoriimehedinti.ro\/index.php\/lista-preturi\/","title":{"rendered":"List\u0103 pre\u021buri"},"content":{"rendered":"\n<p class=\"has-accent-background-color has-background\">Emulsie hidratant\u0103 plastice (mat\u0103\/semilucioas\u0103\/lucioas\u0103) &#8211; 10 lei<\/p>\n\n\n\n<p class=\"has-accent-background-color has-background\">Tratament tapi\u021berie piele (cur\u0103\u021bire \u0219i hidratare cu ceramic\u0103 de p\u00e2n\u0103 la 3 luni):<br>Autoturism 450 lei<br>SUV\/Monovolum 450 lei<br>Tratament ceramic\u0103* pentru piele 3 luni 100 lei<br>Tramatemtn ceramic\u0103* pentru piele 12 lui 300 lei<br><br>* Ceramica este o protec\u021bie pe baz\u0103 de SiO2 (dioxid de siliciu), special formulat\u0103 pentru tapi\u021beriile din piele. Aceast\u0103 protec\u021bie este potrivit\u0103 pentru orice tip de piele \u0219i nu \u00eei schimb\u0103 finisajul. Murd\u0103ria \u0219i lichidele nu vor mai intra \u00een piele, ci vor\u00a0fi\u00a0respinse.<\/p>\n\n\n\n<p class=\"has-accent-background-color has-background\">Tratament hidrofob geamuri ora\u0219 (ac\u021biune hidrofob\u0103 de la 40 km\/h) Autoturism: 100 lei<br>SUV\/Monovolum: 100 lei<\/p>\n\n\n\n<p class=\"has-background-color has-accent-background-color has-text-color has-background has-link-color wp-elements-03645e6ad41f136ce4e366e8650b0eae\">Tratament hidrofob geamuri autostrad\u0103 (ac\u021biune hidrofob\u0103 de la 80 km\/h)<br>Autoturism : 100 lei<br>SUV\/Monovolum: 100 lei<\/p>\n\n\n\n<p class=\"has-accent-background-color has-background\">Tratament Soft-Top + Tratament hidrofob: 500 lei<\/p>\n\n\n\n<p class=\"has-accent-background-color has-background\">Protectant plastice cu efect UV 40+ 50 lei<\/p>\n\n\n\n<p class=\"has-accent-background-color has-background\">Cur\u0103\u021bare instala\u021bie aer condi\u021bionat * : 30 lei&nbsp; (30 minute) \/ 60 lei (1 h)<\/p>\n\n\n\n<p class=\"has-accent-background-color has-background\">Igienizare cu biocide (ben\u0103):&nbsp;<br>Autotilitar\u0103 mic\u0103: 50 de lei<br>Autoutilitar\u0103 3.5 t: 100 lei<br>Autoutilitar\u0103 12 t: 25o lei<\/p>\n\n\n\n<p class=\"has-accent-background-color has-background\">Cur\u0103\u021bat tapi\u021berie scaune \u0219i banchet\u0103 textil**:<br>Autoturism: 400 lei<br>SUV\/Monovolum: 400 lei<br>Monovolum 7 locuri: 600 lei<br>Microbuz 8+1 : 750 lei<\/p>\n\n\n\n<p class=\"has-accent-background-color has-background\">Cur\u0103\u021bat mochet\u0103:<br>Autoturism: 120 lei<br>Autoturism break: 120 lei<br>SUV\/Monovolum: 120 lei<\/p>\n\n\n\n<p class=\"has-accent-background-color has-background\">Cur\u0103\u021bat plafon:&nbsp;<br>Autoturism: 150 lei<br>Autoturism break: 150 lei<br>SUV\/Monovolum: 150 lei<\/p>\n\n\n\n<p class=\"has-accent-background-color has-background\">Crem\u0103 \u00eenfrumuse\u021bare caroserie :<br>Autoturism: 100 lei<br>Autoturism break: 120 lei<br>SUV\/Monovolum: 150 lei<\/p>\n\n\n\n<p class=\"has-accent-background-color has-background\">Recondi\u021bionare elemente cromatice exterior:<br>Autoturism: 60 lei<br>Autoturism break: 60 lei<br>SUV\/Monovolum: 60 lei<\/p>\n\n\n\n<p class=\"has-accent-background-color has-background\">Recondi\u021bionare&nbsp; bandou plastic:<br>Autoturism 100 lei<br>SUV\/Monovolum 100 lei<\/p>\n\n\n\n<p class=\"has-accent-background-color has-background\">Sp\u0103lare motor: 30 lei<br>Cosmetizare motor: 150 lei<\/p>\n\n\n\n<p class=\"has-accent-background-color has-background\">Sp\u0103lare calorifer: 3 lei \/ element<\/p>\n\n\n\n<p class=\"has-accent-background-color has-background\">Valetare: 30 lei<\/p>\n\n\n\n<p>Note: * (dezinfectare interior cu ozon)<\/p>\n\n\n\n<p>** (pretul poate varia \u00een func\u021bie de timpul alocat \u0219i de gradul de murd\u0103rie)<\/p>\n\n\n\n<p><\/p>\n\n\n\n<p class=\"has-text-align-center\">[ <a href=\"https:\/\/spalatoriimehedinti.ro\/\" data-type=\"page\" data-id=\"14\"><mark style=\"background-color:rgba(0, 0, 0, 0);color:#fffafa\" class=\"has-inline-color\"><strong>\u00cenapoi<\/strong><\/mark><\/a> ]<\/p>\n","protected":false},"excerpt":{"rendered":"<p>Emulsie hidratant\u0103 plastice (mat\u0103\/semilucioas\u0103\/lucioas\u0103) &#8211; 10 lei Tratament tapi\u021berie piele (cur\u0103\u021bire \u0219i hidratare cu ceramic\u0103 de p\u00e2n\u0103 la 3 luni):Autoturism 450 leiSUV\/Monovolum 450 leiTratament ceramic\u0103* pentru piele 3 luni 100 leiTramatemtn ceramic\u0103* pentru piele 12 lui 300 lei * Ceramica este o protec\u021bie pe baz\u0103 de SiO2 (dioxid de siliciu), special formulat\u0103 pentru tapi\u021beriile din [&hellip;]<\/p>\n","protected":false},"author":1,"featured_media":0,"parent":0,"menu_order":0,"comment_status":"closed","ping_status":"closed","template":"","meta":{"_acf_changed":false,"_themeisle_gutenberg_block_has_review":false,"footnotes":""},"class_list":["post-411","page","type-page","status-publish","hentry"],"acf":[],"_links":{"self":[{"href":"https:\/\/spalatoriimehedinti.ro\/index.php\/wp-json\/wp\/v2\/pages\/411","targetHints":{"allow":["GET"]}}],"collection":[{"href":"https:\/\/spalatoriimehedinti.ro\/index.php\/wp-json\/wp\/v2\/pages"}],"about":[{"href":"https:\/\/spalatoriimehedinti.ro\/index.php\/wp-json\/wp\/v2\/types\/page"}],"author":[{"embeddable":true,"href":"https:\/\/spalatoriimehedinti.ro\/index.php\/wp-json\/wp\/v2\/users\/1"}],"replies":[{"embeddable":true,"href":"https:\/\/spalatoriimehedinti.ro\/index.php\/wp-json\/wp\/v2\/comments?post=411"}],"version-history":[{"count":11,"href":"https:\/\/spalatoriimehedinti.ro\/index.php\/wp-json\/wp\/v2\/pages\/411\/revisions"}],"predecessor-version":[{"id":580,"href":"https:\/\/spalatoriimehedinti.ro\/index.php\/wp-json\/wp\/v2\/pages\/411\/revisions\/580"}],"wp:attachment":[{"href":"https:\/\/spalatoriimehedinti.ro\/index.php\/wp-json\/wp\/v2\/media?parent=411"}],"curies":[{"name":"wp","href":"https:\/\/api.w.org\/{rel}","templated":true}]}}