{"id":467,"date":"2023-12-31T22:29:43","date_gmt":"2023-12-31T19:29:43","guid":{"rendered":"https:\/\/spalatoriimehedinti.ro\/?page_id=467"},"modified":"2023-12-31T22:32:06","modified_gmt":"2023-12-31T19:32:06","slug":"programare-neconfirmata","status":"publish","type":"page","link":"https:\/\/spalatoriimehedinti.ro\/index.php\/programare-neconfirmata\/","title":{"rendered":"Programare neconfirmat\u0103!"},"content":{"rendered":"\n<p class=\"has-text-align-center has-background-color has-text-color has-background has-link-color wp-elements-becadff0ca064f4b2aba9683ab262e40\" style=\"background-color:#eeb7b7\"><strong>Programarea dumneavoastr\u0103 nu a fost confirmat\u0103!<br>V\u0103 mai a\u0219tept\u0103m pe la noi!<\/strong><\/p>\n","protected":false},"excerpt":{"rendered":"<p>Programarea dumneavoastr\u0103 nu a fost confirmat\u0103!V\u0103 mai a\u0219tept\u0103m pe la noi!<\/p>\n","protected":false},"author":1,"featured_media":0,"parent":0,"menu_order":0,"comment_status":"closed","ping_status":"closed","template":"","meta":{"_acf_changed":false,"_themeisle_gutenberg_block_has_review":false,"footnotes":""},"class_list":["post-467","page","type-page","status-publish","hentry"],"acf":[],"_links":{"self":[{"href":"https:\/\/spalatoriimehedinti.ro\/index.php\/wp-json\/wp\/v2\/pages\/467","targetHints":{"allow":["GET"]}}],"collection":[{"href":"https:\/\/spalatoriimehedinti.ro\/index.php\/wp-json\/wp\/v2\/pages"}],"about":[{"href":"https:\/\/spalatoriimehedinti.ro\/index.php\/wp-json\/wp\/v2\/types\/page"}],"author":[{"embeddable":true,"href":"https:\/\/spalatoriimehedinti.ro\/index.php\/wp-json\/wp\/v2\/users\/1"}],"replies":[{"embeddable":true,"href":"https:\/\/spalatoriimehedinti.ro\/index.php\/wp-json\/wp\/v2\/comments?post=467"}],"version-history":[{"count":3,"href":"https:\/\/spalatoriimehedinti.ro\/index.php\/wp-json\/wp\/v2\/pages\/467\/revisions"}],"predecessor-version":[{"id":471,"href":"https:\/\/spalatoriimehedinti.ro\/index.php\/wp-json\/wp\/v2\/pages\/467\/revisions\/471"}],"wp:attachment":[{"href":"https:\/\/spalatoriimehedinti.ro\/index.php\/wp-json\/wp\/v2\/media?parent=467"}],"curies":[{"name":"wp","href":"https:\/\/api.w.org\/{rel}","templated":true}]}}