{"id":57,"date":"2021-02-16T19:34:31","date_gmt":"2021-02-16T17:34:31","guid":{"rendered":"http:\/\/spalatoriimehedinti.ro\/?page_id=57"},"modified":"2024-02-01T00:04:21","modified_gmt":"2024-01-31T21:04:21","slug":"protectia-datelor-cu-caracter-personal","status":"publish","type":"page","link":"https:\/\/spalatoriimehedinti.ro\/index.php\/protectia-datelor-cu-caracter-personal\/","title":{"rendered":"Protec\u021bia datelor cu caracter personal"},"content":{"rendered":"\n<p class=\"has-text-align-center has-primary-color has-text-color\" style=\"font-size:15px\">[ <a href=\"https:\/\/spalatoriimehedinti.ro\" data-type=\"URL\" data-id=\"https:\/\/spalatoriimehedinti.ro\">\u00cenapoi la Programare\/Valetare<\/a> ]<\/p>\n\n\n\n<p class=\"has-background-color has-secondary-background-color has-text-color has-background\">Stima\u021bi clienti,<br><br>Pentru P\u0103cii Car Wash protec\u021bia datelor dumneavoastr\u0103 personale este foarte important\u0103.<br><br>Datele sunt colectate precum adresele de mail \u0219i numerele de \u00eenmatriculare sunt \u00een scopul asigur\u0103rii celor mai bune oferte pentru dumneavoastr\u0103 \u0219i pentru a va oferi cea mai bun\u0103 experien\u021b\u0103 \u00een rela\u021bia cu P\u0103cii Car Wash.<br><br>De aceea, datele dumneavoastr\u0103 sunt necesare s\u0103 fie actualizate \u00een permanen\u021b\u0103. Ave\u021bi posibilitatea s\u0103 interveni\u021bi oric\u00e2nd \u00een ce prive\u0219te acurate\u021bea \u0219i utilizarea datelor. V\u0103 rug\u0103m s\u0103 ne contacta\u021bi cu \u00eencredere pentru a le rectifica sau \u0219terge.<br><br>Datele sunt colectate doar pe baza consim\u021b\u0103m\u00e2ntului dumneavoastr\u0103 \u00een rela\u021bia cu P\u0103cii Car Wash \u0219i conform cerin\u021belor legale. Prelucrarea lor se face \u00een condi\u021bii de legalitate, echitate \u0219i transparen\u021b\u0103, cu asigurarea securit\u0103\u021bii adecvate a datelor, inclusiv protec\u021bia \u00eempotriva prelucr\u0103rii neautorizate sau ilegale \u0219i \u00eempotriva pierderii, a distrugerii sau a deterior\u0103rii accidentale.<br><br>Personalul P\u0103cii Car Wash respect\u0103 cu stricte\u021be cerin\u021bele legale \u00een privin\u021ba protec\u021biei datelor \u0219i are grij\u0103 ca toate opera\u021biunile de prelucrare s\u0103 fie realizate numai \u00een interesul dumneavoastr\u0103.<br><br>Contacta\u021bi-ne cu \u00eencredere pentru orice \u00eentrebari cu privire la protec\u021bia datelor la modul \u00een care ele sunt utilizate pentru a v\u0103 oferi o experien\u021b\u0103 excelent\u0103 \u00een rela\u021bia cu P\u0103cii Car Wash.<\/p>\n\n\n\n<p class=\"has-text-align-center has-primary-color has-text-color\" style=\"font-size:15px\">[ <a href=\"https:\/\/spalatoriimehedinti.ro\" data-type=\"URL\" data-id=\"https:\/\/spalatoriimehedinti.ro\">\u00cenapoi la Programare\/Valetare<\/a> ]<\/p>\n","protected":false},"excerpt":{"rendered":"<p>[ \u00cenapoi la Programare\/Valetare ] Stima\u021bi clienti, Pentru P\u0103cii Car Wash protec\u021bia datelor dumneavoastr\u0103 personale este foarte important\u0103. Datele sunt colectate precum adresele de mail \u0219i numerele de \u00eenmatriculare sunt \u00een scopul asigur\u0103rii celor mai bune oferte pentru dumneavoastr\u0103 \u0219i pentru a va oferi cea mai bun\u0103 experien\u021b\u0103 \u00een rela\u021bia cu P\u0103cii Car Wash. De [&hellip;]<\/p>\n","protected":false},"author":1,"featured_media":0,"parent":0,"menu_order":0,"comment_status":"closed","ping_status":"closed","template":"","meta":{"_acf_changed":false,"_themeisle_gutenberg_block_has_review":false,"footnotes":""},"class_list":["post-57","page","type-page","status-publish","hentry"],"acf":[],"_links":{"self":[{"href":"https:\/\/spalatoriimehedinti.ro\/index.php\/wp-json\/wp\/v2\/pages\/57","targetHints":{"allow":["GET"]}}],"collection":[{"href":"https:\/\/spalatoriimehedinti.ro\/index.php\/wp-json\/wp\/v2\/pages"}],"about":[{"href":"https:\/\/spalatoriimehedinti.ro\/index.php\/wp-json\/wp\/v2\/types\/page"}],"author":[{"embeddable":true,"href":"https:\/\/spalatoriimehedinti.ro\/index.php\/wp-json\/wp\/v2\/users\/1"}],"replies":[{"embeddable":true,"href":"https:\/\/spalatoriimehedinti.ro\/index.php\/wp-json\/wp\/v2\/comments?post=57"}],"version-history":[{"count":8,"href":"https:\/\/spalatoriimehedinti.ro\/index.php\/wp-json\/wp\/v2\/pages\/57\/revisions"}],"predecessor-version":[{"id":488,"href":"https:\/\/spalatoriimehedinti.ro\/index.php\/wp-json\/wp\/v2\/pages\/57\/revisions\/488"}],"wp:attachment":[{"href":"https:\/\/spalatoriimehedinti.ro\/index.php\/wp-json\/wp\/v2\/media?parent=57"}],"curies":[{"name":"wp","href":"https:\/\/api.w.org\/{rel}","templated":true}]}}