{"id":61,"date":"2021-02-16T20:04:50","date_gmt":"2021-02-16T18:04:50","guid":{"rendered":"http:\/\/spalatoriimehedinti.ro\/?page_id=61"},"modified":"2021-02-16T20:48:28","modified_gmt":"2021-02-16T18:48:28","slug":"despre-noi","status":"publish","type":"page","link":"https:\/\/spalatoriimehedinti.ro\/index.php\/despre-noi\/","title":{"rendered":"Despre noi"},"content":{"rendered":"\n<p class=\"has-background-color has-secondary-background-color has-text-color has-background\"><br>P\u0103cii Car Wash surprinde in fiecare luna clientii cu campanii de fidelizare<\/p>\n\n\n\n<h2 class=\"wp-block-heading\">De ce s\u0103 alegi P\u0103cii Car Wash?<\/h2>\n\n\n\n<ul class=\"has-background-color has-secondary-background-color has-text-color has-background wp-block-list\"><li>Pentru c\u0103 este singura spalatorie din Romania ce are activ\u0103 o aplicatie sau un site unde te poti programa fara sa stai la rand;<\/li><li>Avem POS, plata se poate realiza cu cardul<\/li><li>Alegi \u00eentotdeauna oferta care \u021bi se potrive\u0219te<\/li><li>Toti utilizatorii de abonamente intra automat in platforma de programare<\/li><li>Avem internet Wi-Fi gratuit<\/li><\/ul>\n","protected":false},"excerpt":{"rendered":"<p>P\u0103cii Car Wash surprinde in fiecare luna clientii cu campanii de fidelizare De ce s\u0103 alegi P\u0103cii Car Wash? Pentru c\u0103 este singura spalatorie din Romania ce are activ\u0103 o aplicatie sau un site unde te poti programa fara sa stai la rand; Avem POS, plata se poate realiza cu cardul Alegi \u00eentotdeauna oferta care [&hellip;]<\/p>\n","protected":false},"author":1,"featured_media":0,"parent":0,"menu_order":0,"comment_status":"closed","ping_status":"closed","template":"","meta":{"_acf_changed":false,"_themeisle_gutenberg_block_has_review":false,"footnotes":""},"class_list":["post-61","page","type-page","status-publish","hentry"],"acf":[],"_links":{"self":[{"href":"https:\/\/spalatoriimehedinti.ro\/index.php\/wp-json\/wp\/v2\/pages\/61","targetHints":{"allow":["GET"]}}],"collection":[{"href":"https:\/\/spalatoriimehedinti.ro\/index.php\/wp-json\/wp\/v2\/pages"}],"about":[{"href":"https:\/\/spalatoriimehedinti.ro\/index.php\/wp-json\/wp\/v2\/types\/page"}],"author":[{"embeddable":true,"href":"https:\/\/spalatoriimehedinti.ro\/index.php\/wp-json\/wp\/v2\/users\/1"}],"replies":[{"embeddable":true,"href":"https:\/\/spalatoriimehedinti.ro\/index.php\/wp-json\/wp\/v2\/comments?post=61"}],"version-history":[{"count":3,"href":"https:\/\/spalatoriimehedinti.ro\/index.php\/wp-json\/wp\/v2\/pages\/61\/revisions"}],"predecessor-version":[{"id":75,"href":"https:\/\/spalatoriimehedinti.ro\/index.php\/wp-json\/wp\/v2\/pages\/61\/revisions\/75"}],"wp:attachment":[{"href":"https:\/\/spalatoriimehedinti.ro\/index.php\/wp-json\/wp\/v2\/media?parent=61"}],"curies":[{"name":"wp","href":"https:\/\/api.w.org\/{rel}","templated":true}]}}