{"id":659,"date":"2025-07-14T20:45:06","date_gmt":"2025-07-14T17:45:06","guid":{"rendered":"https:\/\/spalatoriimehedinti.ro\/?page_id=659"},"modified":"2025-07-14T20:46:06","modified_gmt":"2025-07-14T17:46:06","slug":"legea-nr-8-1996-actualizata-art-194","status":"publish","type":"page","link":"https:\/\/spalatoriimehedinti.ro\/index.php\/legea-nr-8-1996-actualizata-art-194\/","title":{"rendered":"Legea nr. 8 \/1996 actualizat\u0103,\u00a0art.\u00a0194"},"content":{"rendered":"\n<p>Constituie infrac\u021biune \u0219i se pedepse\u0219te cu \u00eenchisoare de la 6 luni la 3 ani ori cu amend\u0103 reproducerea neautorizat\u0103 pe sisteme de calcul a programelor pentru calculator \u00een oricare dintre urm\u0103toarele modalit\u0103\u021bi: instalare, stocare, rulare sau executare, afi\u0219are ori transmitere \u00een\u00a0re\u021bea\u00a0intern\u0103.<\/p>\n","protected":false},"excerpt":{"rendered":"<p>Constituie infrac\u021biune \u0219i se pedepse\u0219te cu \u00eenchisoare de la 6 luni la 3 ani ori cu amend\u0103 reproducerea neautorizat\u0103 pe sisteme de calcul a programelor pentru calculator \u00een oricare dintre urm\u0103toarele modalit\u0103\u021bi: instalare, stocare, rulare sau executare, afi\u0219are ori transmitere \u00een\u00a0re\u021bea\u00a0intern\u0103.<\/p>\n","protected":false},"author":1,"featured_media":0,"parent":0,"menu_order":0,"comment_status":"closed","ping_status":"closed","template":"","meta":{"_acf_changed":false,"_themeisle_gutenberg_block_has_review":false,"footnotes":""},"class_list":["post-659","page","type-page","status-publish","hentry"],"acf":[],"_links":{"self":[{"href":"https:\/\/spalatoriimehedinti.ro\/index.php\/wp-json\/wp\/v2\/pages\/659","targetHints":{"allow":["GET"]}}],"collection":[{"href":"https:\/\/spalatoriimehedinti.ro\/index.php\/wp-json\/wp\/v2\/pages"}],"about":[{"href":"https:\/\/spalatoriimehedinti.ro\/index.php\/wp-json\/wp\/v2\/types\/page"}],"author":[{"embeddable":true,"href":"https:\/\/spalatoriimehedinti.ro\/index.php\/wp-json\/wp\/v2\/users\/1"}],"replies":[{"embeddable":true,"href":"https:\/\/spalatoriimehedinti.ro\/index.php\/wp-json\/wp\/v2\/comments?post=659"}],"version-history":[{"count":3,"href":"https:\/\/spalatoriimehedinti.ro\/index.php\/wp-json\/wp\/v2\/pages\/659\/revisions"}],"predecessor-version":[{"id":661,"href":"https:\/\/spalatoriimehedinti.ro\/index.php\/wp-json\/wp\/v2\/pages\/659\/revisions\/661"}],"wp:attachment":[{"href":"https:\/\/spalatoriimehedinti.ro\/index.php\/wp-json\/wp\/v2\/media?parent=659"}],"curies":[{"name":"wp","href":"https:\/\/api.w.org\/{rel}","templated":true}]}}